{"id":12,"date":"2020-02-20T11:14:23","date_gmt":"2020-02-20T16:14:23","guid":{"rendered":"http:\/\/cacaolament.ca\/es\/?page_id=12"},"modified":"2022-09-12T15:17:39","modified_gmt":"2022-09-12T19:17:39","slug":"home","status":"publish","type":"page","link":"https:\/\/cacaolament.ca\/es\/","title":{"rendered":"Inicio"},"content":{"rendered":"[spb_row wrap_type=\u00bbcontent-width\u00bb row_bg_type=\u00bbimage\u00bb color_row_height=\u00bbcontent-height\u00bb bg_type=\u00bbcover\u00bb parallax_image_height=\u00bbcontent-height\u00bb parallax_image_movement=\u00bbfixed\u00bb parallax_image_speed=\u00bb0.5&#8243; parallax_video_height=\u00bbwindow-height\u00bb parallax_video_overlay=\u00bbnone\u00bb row_overlay_opacity=\u00bb0&#8243; row_padding_vertical=\u00bb0&#8243; row_padding_horizontal=\u00bb0&#8243; row_margin_vertical=\u00bb0&#8243; remove_element_spacing=\u00bbno\u00bb inner_column_height=\u00bbcol-natural\u00bb width=\u00bb1\/1&#8243; el_position=\u00bbfirst last\u00bb] [spb_text_block pb_margin_bottom=\u00bbno\u00bb pb_border_bottom=\u00bbno\u00bb width=\u00bb1\/2&#8243; el_position=\u00bbfirst\u00bb]\n<p style=\"text-align: justify;\"><b>Cacao | Un Lamento Venezolano<\/b>\u00a0es un nuevo espect\u00e1culo en vivo que trata sobre la pertenencia, la tierra y la preservaci\u00f3n de las tradiciones. Bas\u00e1ndose en doce a\u00f1os de trabajo de campo basado en la comunidad, esta producci\u00f3n de danza y teatro poliling\u00fce y multidisciplinaria ofrece una visi\u00f3n oportuna de las complejas realidades vividas por los productores de cacao de Venezuela. La creadora, directora y core\u00f3grafa Victoria Mata arraiga su vocabulario y est\u00e9tica en las tensiones entre el recuerdo y el olvido, y en un di\u00e1logo din\u00e1mico entre los g\u00e9neros afrovenezolanos y las expresiones contempor\u00e1neas de danza y m\u00fasica.<\/p>\n[\/spb_text_block] [spb_text_block pb_margin_bottom=\u00bbno\u00bb pb_border_bottom=\u00bbno\u00bb width=\u00bb1\/2&#8243; el_position=\u00bblast\u00bb]\n<p>Estreno del <strong>22 al 25 de septiembre en Toronto, Canad\u00e1<\/strong>, Cacao | A Venezuelan Lament sumergir\u00e1 al p\u00fablico en una celebraci\u00f3n de la vida, la cultura y el amor a trav\u00e9s de un viaje \u00edntimo hacia la resiliencia radiante y el j\u00fabilo sin ataduras que son el coraz\u00f3n de las comunidades productoras de cacao de Venezuela.<\/p>\n[\/spb_text_block] [blank_spacer height=\u00bb40px\u00bb width=\u00bb1\/1&#8243; el_position=\u00bbfirst last\u00bb] [spb_parallax parallax_type=\u00bbimage\u00bb bg_image=\u00bb971&#8243; bg_type=\u00bbcover\u00bb parallax_video_height=\u00bbwindow-height\u00bb parallax_video_overlay=\u00bbnone\u00bb parallax_image_height=\u00bbcontent-height\u00bb parallax_image_movement=\u00bbfixed\u00bb parallax_image_speed=\u00bb0.5&#8243; padding_horizontal=\u00bb15&#8243; alt_background=\u00bbnone\u00bb el_class=\u00bbparal\u00bb width=\u00bb1\/1&#8243; el_position=\u00bbfirst last\u00bb]\n<p>.<\/p>\n[\/spb_parallax] [\/spb_row] [spb_row wrap_type=\u00bbcontent-width\u00bb row_bg_type=\u00bbcolor\u00bb color_row_height=\u00bbcontent-height\u00bb bg_type=\u00bbcover\u00bb parallax_image_height=\u00bbcontent-height\u00bb parallax_image_movement=\u00bbfixed\u00bb parallax_image_speed=\u00bb0.5&#8243; parallax_video_height=\u00bbwindow-height\u00bb parallax_video_overlay=\u00bbnone\u00bb row_overlay_opacity=\u00bb0&#8243; row_padding_vertical=\u00bb0&#8243; row_padding_horizontal=\u00bb0&#8243; row_margin_vertical=\u00bb0&#8243; remove_element_spacing=\u00bbno\u00bb inner_column_height=\u00bbcol-natural\u00bb width=\u00bb1\/1&#8243; el_position=\u00bbfirst last\u00bb] [spb_column col_el_class=\u00bbsinfondo\u00bb width=\u00bb1\/2&#8243; el_position=\u00bbfirst\u00bb] [spb_text_block title=\u00bbPr\u00f3ximos Eventos\u00bb pb_margin_bottom=\u00bbyes\u00bb pb_border_bottom=\u00bbno\u00bb el_class=\u00bbupcoming\u00bb width=\u00bb1\/1&#8243; el_position=\u00bbfirst last\u00bb]\n<div class=\"ecs-no-events\">No hay eventos programados.<\/div>\n[\/spb_text_block] [\/spb_column] [spb_column col_el_class=\u00bbsinfondo\u00bb width=\u00bb1\/2&#8243; el_position=\u00bblast\u00bb] [recent_posts title=\u00bbSpotlight\u00bb item_columns=\u00bb1&#8243; item_count=\u00bb1&#8243; category=\u00bbspotlight\u00bb offset=\u00bb0&#8243; posts_order=\u00bbDESC\u00bb excerpt_length=\u00bb0&#8243; el_class=\u00bbspot\u00bb width=\u00bb1\/1&#8243; el_position=\u00bbfirst last\u00bb] [spb_text_block pb_margin_bottom=\u00bbno\u00bb pb_border_bottom=\u00bbno\u00bb width=\u00bb1\/1&#8243; el_position=\u00bbfirst last\u00bb]\n<p style=\"text-align: left; margin-top: -15px !important; font-size: 24px !important; line-height: 30px !important;\"><strong>Septiembre 17- Octubre 2, 2022<\/strong><br \/>\n<strong>To Live | Noche Blanca | Arte toda la noche @ Meridian Arts Center | 1 de octubre de 2022 | 19:00 \u2013 07:00<\/strong><\/p>\n[\/spb_text_block] [\/spb_column] [\/spb_row]\n","protected":false},"excerpt":{"rendered":"<p>[spb_row wrap_type=\u00bbcontent-width\u00bb row_bg_type=\u00bbimage\u00bb color_row_height=\u00bbcontent-height\u00bb bg_type=\u00bbcover\u00bb parallax_image_height=\u00bbcontent-height\u00bb parallax_image_movement=\u00bbfixed\u00bb parallax_image_speed=\u00bb0.5&#8243; parallax_video_height=\u00bbwindow-height\u00bb parallax_video_overlay=\u00bbnone\u00bb row_overlay_opacity=\u00bb0&#8243; row_padding_vertical=\u00bb0&#8243; row_padding_horizontal=\u00bb0&#8243; row_margin_vertical=\u00bb0&#8243; remove_element_spacing=\u00bbno\u00bb inner_column_height=\u00bbcol-natural\u00bb width=\u00bb1\/1&#8243; el_position=\u00bbfirst last\u00bb] [spb_text_block pb_margin_bottom=\u00bbno\u00bb pb_border_bottom=\u00bbno\u00bb width=\u00bb1\/2&#8243; el_position=\u00bbfirst\u00bb] Cacao | Un Lamento Venezolano\u00a0es un nuevo espect\u00e1culo en vivo que trata sobre la pertenencia, la tierra y la preservaci\u00f3n de las tradiciones. Bas\u00e1ndose en doce a\u00f1os de trabajo de campo basado en la comunidad, esta [&hellip;]<\/p>\n","protected":false},"author":1,"featured_media":0,"parent":0,"menu_order":0,"comment_status":"closed","ping_status":"closed","template":"template-fw.php","meta":{"footnotes":""},"_links":{"self":[{"href":"https:\/\/cacaolament.ca\/es\/wp-json\/wp\/v2\/pages\/12"}],"collection":[{"href":"https:\/\/cacaolament.ca\/es\/wp-json\/wp\/v2\/pages"}],"about":[{"href":"https:\/\/cacaolament.ca\/es\/wp-json\/wp\/v2\/types\/page"}],"author":[{"embeddable":true,"href":"https:\/\/cacaolament.ca\/es\/wp-json\/wp\/v2\/users\/1"}],"replies":[{"embeddable":true,"href":"https:\/\/cacaolament.ca\/es\/wp-json\/wp\/v2\/comments?post=12"}],"version-history":[{"count":130,"href":"https:\/\/cacaolament.ca\/es\/wp-json\/wp\/v2\/pages\/12\/revisions"}],"predecessor-version":[{"id":1304,"href":"https:\/\/cacaolament.ca\/es\/wp-json\/wp\/v2\/pages\/12\/revisions\/1304"}],"wp:attachment":[{"href":"https:\/\/cacaolament.ca\/es\/wp-json\/wp\/v2\/media?parent=12"}],"curies":[{"name":"wp","href":"https:\/\/api.w.org\/{rel}","templated":true}]}}