{"id":728,"date":"2021-04-17T16:09:42","date_gmt":"2021-04-17T20:09:42","guid":{"rendered":"http:\/\/cacaolament.ca\/es\/?page_id=728"},"modified":"2022-07-27T13:41:06","modified_gmt":"2022-07-27T17:41:06","slug":"previous-events","status":"publish","type":"page","link":"https:\/\/cacaolament.ca\/es\/previous-events\/","title":{"rendered":"Previous Events"},"content":{"rendered":"[spb_text_block pb_margin_bottom=\u00bbno\u00bb pb_border_bottom=\u00bbno\u00bb width=\u00bb1\/1&#8243; el_position=\u00bbfirst last\u00bb]\n<!=========Events list Template 2.3.1=========><div id=\"ect-events-list-content\"><div id=\"list-wrp\" class=\"ect-list-wrapper all\"><div id=\"event-763\" class=\"ect-list-post style-2 ect-simple-event past\"><div class=\"ect-list-post-left\">\r\n\t<div class=\"ect-list-img\" style=\"background-image:url(&#039;https:\/\/cacaolament.ca\/es\/wp-content\/uploads\/2021\/04\/Mesa-de-trabajo-30@4x-1024x754.png&#039;);background-size:cover;background-position:bottom center;\"><\/div>\r\n\t<a class=\"ect-single-event-link\" href=\"https:\/\/cacaolament.ca\/es\/event\/cacao-a-venezuelan-lament-excerpt-installation\/\" title=\"Conuco | An Excerpt Window Installation\">Conuco | An Excerpt Window Installation<\/a><\/div><!-- left-post close --><div class=\"ect-list-post-right\">\r\n\t\t\t\t<div class=\"ect-list-post-right-table\">\r\n\t\t\t\t<div class=\"ect-list-description\">\r\n\t\t\t\t<h2 class=\"ect-list-title\"><a class=\"ect-event-url\" href=\"https:\/\/cacaolament.ca\/es\/event\/cacao-a-venezuelan-lament-excerpt-installation\/\" rel=\"bookmark\">Conuco | An Excerpt Window Installation<\/a><\/h2><div class=\"ect-list-venue default-venue\"><span class=\"ect-icon\"><i class=\"ect-icon-location\"><\/i><\/span><!-- Event Venue Info -->\r\n                 <span class=\"ect-venue-details ect-address\">\r\n                 <div>St. Lawrence Centre for the Arts,<span class=\"tribe-address\">\n\n<span class=\"tribe-street-address\">27 Front St. East<\/span>\n\t\n\t\t<br>\n\t\t<span class=\"tribe-locality\">Toronto<\/span><span class=\"tribe-delimiter\">,<\/span>\n\n\t<abbr class=\"tribe-region tribe-events-abbr\" title=\"Ontario\">Ontario<\/abbr>\n\n\t<span class=\"tribe-postal-code\">M5E 1B4<\/span>\n\n\t<span class=\"tribe-country-name\">Canada<\/span>\n\n<\/span>\n<\/div><span class=\"ect-google\"><a class=\"tribe-events-gmap\" href=\"https:\/\/maps.google.com\/maps?f=q&#038;source=s_q&#038;hl=en&#038;geocode=&#038;q=27+Front+St.+East+Toronto+Ontario+M5E+1B4+Canada\" title=\"Haz clic para ver un mapa de Google\" target=\"_blank\" rel=\"noreferrer noopener\">+ Google Map<\/a><\/span><\/span><\/div><!-- Event Content --><div class=\"ect-event-content\"><p>This immersive, multidisciplinary window installation illustrates stories from the cacao forest in Venezuela, also known as Conuco. Against a backdrop of political upheaval, the work explores the living and lost memory of Venezuela\u2019s cacao cultivation while exhibiting the vibrancy of the region\u2019s coastal rhythms and its vast landscapes. Designers Alexandra Gelis and Alejandra Higuera draw hypnotic sounds of the Venezuelan [&hellip;]<\/p>\n<a href=\"https:\/\/cacaolament.ca\/es\/event\/cacao-a-venezuelan-lament-excerpt-installation\/\" class=\"ect-events-read-more\" rel=\"bookmark\">Find out more &raquo;<\/a><\/div><\/div><div class=\"modern-list-right-side\">\r\n\t\t\t\t<div class=\"ect-list-date\"><div class=\"ect-date-area default-schedule\"><span class=\"ev-day\">11<\/span>\r\n\t\t\t\t\t\t\t\t\t<span class=\"ev-mo\">julio<\/span>\r\n\t\t\t\t\t\t\t\t\t<span class=\"ev-yr\">2021<\/span>\r\n\t\t\t\t\t\t\t\t\t<span class=\"ev-time\"><span class=\"ect-icon\"><i class=\"ect-icon-clock\"><\/i><\/span> julio 11, 2021 - agosto 22, 2021<\/span>\r\n\t\t\t\t\t\t\t\t\t<\/div><\/div>\r\n\t\t\t\t<\/div>\r\n\t\t\t\t<\/div>\r\n\t\t\t\t<\/div><!-- right-wrapper close -->\r\n\t\t\t\t<\/div><!-- event-loop-end --><div id=\"event-1054\" class=\"ect-list-post style-2 ect-simple-event past\"><div class=\"ect-list-post-left\">\r\n\t<div class=\"ect-list-img\" style=\"background-image:url(&#039;https:\/\/cacaolament.ca\/es\/wp-content\/uploads\/2022\/06\/June_SanJuan.jpg&#039;);background-size:cover;background-position:bottom center;\"><\/div>\r\n\t<a class=\"ect-single-event-link\" href=\"https:\/\/cacaolament.ca\/es\/event\/get-your-tickets-june-24-a-toast-for-san-juan\/\" title=\"Get your tickets! June 24 a toast for San Juan.\">Get your tickets! June 24 a toast for San Juan.<\/a><\/div><!-- left-post close --><div class=\"ect-list-post-right\">\r\n\t\t\t\t<div class=\"ect-list-post-right-table\">\r\n\t\t\t\t<div class=\"ect-list-description\">\r\n\t\t\t\t<h2 class=\"ect-list-title\"><a class=\"ect-event-url\" href=\"https:\/\/cacaolament.ca\/es\/event\/get-your-tickets-june-24-a-toast-for-san-juan\/\" rel=\"bookmark\">Get your tickets! June 24 a toast for San Juan.<\/a><\/h2><div class=\"ect-list-venue default-venue\"><span class=\"ect-icon\"><i class=\"ect-icon-location\"><\/i><\/span><!-- Event Venue Info -->\r\n                 <span class=\"ect-venue-details ect-address\">\r\n                 <div>Duke of Cornwall Pub,<span class=\"tribe-address\">\n\n<span class=\"tribe-street-address\">400 University Ave.<\/span>\n\t\n\t\t<br>\n\t\t<span class=\"tribe-locality\">Toronto<\/span><span class=\"tribe-delimiter\">,<\/span>\n\n\t<abbr class=\"tribe-region tribe-events-abbr\" title=\"Ontario\">Ontario<\/abbr>\n\n\n\t<span class=\"tribe-country-name\">Canada<\/span>\n\n<\/span>\n<\/div><span class=\"ect-google\"><a class=\"tribe-events-gmap\" href=\"https:\/\/maps.google.com\/maps?f=q&#038;source=s_q&#038;hl=en&#038;geocode=&#038;q=400+University+Ave.+Toronto+Ontario+Canada\" title=\"Haz clic para ver un mapa de Google\" target=\"_blank\" rel=\"noreferrer noopener\">+ Google Map<\/a><\/span><\/span><\/div><!-- Event Content --><div class=\"ect-event-content\"><p>LPMN y DESAYUNE CON NOSOTROS invite you to the next Happy Friday to toast with us in celebration of San Juan! Come and bring your friends for live Venezuelan music, chocolate tasting, and a chance to talk with us about the September Toronto premier of\u00a0 Cacao | A Venezuelan Lament. Your first drink is on us! Live music will be [&hellip;]<\/p>\n<a href=\"https:\/\/cacaolament.ca\/es\/event\/get-your-tickets-june-24-a-toast-for-san-juan\/\" class=\"ect-events-read-more\" rel=\"bookmark\">Find out more &raquo;<\/a><\/div><\/div><div class=\"modern-list-right-side\">\r\n\t\t\t\t<div class=\"ect-list-date\"><div class=\"ect-date-area default-schedule\"><span class=\"ev-day\">24<\/span>\r\n\t\t\t\t\t\t\t\t\t<span class=\"ev-mo\">junio<\/span>\r\n\t\t\t\t\t\t\t\t\t<span class=\"ev-yr\">2022<\/span>\r\n\t\t\t\t\t\t\t\t\t<span class=\"ev-time\"><span class=\"ect-icon\"><i class=\"ect-icon-clock\"><\/i><\/span> 6:00 pm - 8:00 pm<\/span>\r\n\t\t\t\t\t\t\t\t\t<\/div><\/div>\r\n\t\t\t\t<\/div>\r\n\t\t\t\t<\/div>\r\n\t\t\t\t<\/div><!-- right-wrapper close -->\r\n\t\t\t\t<\/div><!-- event-loop-end --><div id=\"event-1206\" class=\"ect-list-post style-2 ect-simple-event past\"><div class=\"ect-list-post-left\">\r\n\t<div class=\"ect-list-img\" style=\"background-image:url(&#039;https:\/\/cacaolament.ca\/es\/wp-content\/uploads\/2022\/07\/Machete-Eventos.jpg&#039;);background-size:cover;background-position:bottom center;\"><\/div>\r\n\t<a class=\"ect-single-event-link\" href=\"https:\/\/cacaolament.ca\/es\/event\/machete-an-excerpt-installation-from-cacao-a-venezuelan-lament\/\" title=\"\u201cMachete\u201d Un extracto de instalaci\u00f3n de Cacao | Un Lamento Venezolano\">\u201cMachete\u201d Un extracto de instalaci\u00f3n de Cacao | Un Lamento Venezolano<\/a><\/div><!-- left-post close --><div class=\"ect-list-post-right\">\r\n\t\t\t\t<div class=\"ect-list-post-right-table\">\r\n\t\t\t\t<div class=\"ect-list-description\">\r\n\t\t\t\t<h2 class=\"ect-list-title\"><a class=\"ect-event-url\" href=\"https:\/\/cacaolament.ca\/es\/event\/machete-an-excerpt-installation-from-cacao-a-venezuelan-lament\/\" rel=\"bookmark\">\u201cMachete\u201d Un extracto de instalaci\u00f3n de Cacao | Un Lamento Venezolano<\/a><\/h2><div class=\"ect-list-venue default-venue\"><span class=\"ect-icon\"><i class=\"ect-icon-location\"><\/i><\/span><!-- Event Venue Info -->\r\n                 <span class=\"ect-venue-details ect-address\">\r\n                 <div>Meridian Arts Centre,<span class=\"tribe-address\">\n\n<span class=\"tribe-street-address\">5040 Yonge St, North York<\/span>\n\t\n\t\t<br>\n\t\t<span class=\"tribe-locality\">Toronto<\/span><span class=\"tribe-delimiter\">,<\/span>\n\n\t<abbr class=\"tribe-region tribe-events-abbr\" title=\"Ontario\">Ontario<\/abbr>\n\n\t<span class=\"tribe-postal-code\">M2N 6R8<\/span>\n\n\t<span class=\"tribe-country-name\">Canada<\/span>\n\n<\/span>\n<\/div><span class=\"ect-google\"><a class=\"tribe-events-gmap\" href=\"https:\/\/maps.google.com\/maps?f=q&#038;source=s_q&#038;hl=en&#038;geocode=&#038;q=5040+Yonge+St%2C+North+York+Toronto+Ontario+M2N+6R8+Canada\" title=\"Haz clic para ver un mapa de Google\" target=\"_blank\" rel=\"noreferrer noopener\">+ Google Map<\/a><\/span><\/span><\/div><!-- Event Content --><div class=\"ect-event-content\"><p>Cr\u00e9dito de la foto: The Edisons * Noche Blanca | Arte toda la noche @ Meridian Arts Center | 1 de octubre de 2022 | 19:00 \u2013 07:00 * Una exhibici\u00f3n inmersiva y multidisciplinaria que ilustra historias del bosque de cacao en Venezuela, tambi\u00e9n conocido como Conuco. En un contexto de agitaci\u00f3n pol\u00edtica, la obra explora la memoria viva y [&hellip;]<\/p>\n<a href=\"https:\/\/cacaolament.ca\/es\/event\/machete-an-excerpt-installation-from-cacao-a-venezuelan-lament\/\" class=\"ect-events-read-more\" rel=\"bookmark\">Find out more &raquo;<\/a><\/div><\/div><div class=\"modern-list-right-side\">\r\n\t\t\t\t<div class=\"ect-list-date\"><div class=\"ect-date-area default-schedule\"><span class=\"ev-day\">17<\/span>\r\n\t\t\t\t\t\t\t\t\t<span class=\"ev-mo\">septiembre<\/span>\r\n\t\t\t\t\t\t\t\t\t<span class=\"ev-yr\">2022<\/span>\r\n\t\t\t\t\t\t\t\t\t<span class=\"ev-time\"><span class=\"ect-icon\"><i class=\"ect-icon-clock\"><\/i><\/span> septiembre 17, 2022 - octubre 1, 2022<\/span>\r\n\t\t\t\t\t\t\t\t\t<\/div><\/div>\r\n\t\t\t\t<\/div>\r\n\t\t\t\t<\/div>\r\n\t\t\t\t<\/div><!-- right-wrapper close -->\r\n\t\t\t\t<\/div><!-- event-loop-end --><div id=\"event-1024\" class=\"ect-list-post style-2 ect-simple-event past\"><div class=\"ect-list-post-left\">\r\n\t<div class=\"ect-list-img\" style=\"background-image:url(&#039;https:\/\/cacaolament.ca\/es\/wp-content\/uploads\/2022\/06\/Cacao-A-Venezuelan-Lament-premiere-2022-555x379-1.jpg&#039;);background-size:cover;background-position:bottom center;\"><\/div>\r\n\t<a class=\"ect-single-event-link\" href=\"https:\/\/cacaolament.ca\/es\/event\/cacao-a-venezuelan-lament-2022-premiere\/\" title=\"Cacao | Un Lamento Venezolano Estreno 2022\">Cacao | Un Lamento Venezolano Estreno 2022<\/a><\/div><!-- left-post close --><div class=\"ect-list-post-right\">\r\n\t\t\t\t<div class=\"ect-list-post-right-table\">\r\n\t\t\t\t<div class=\"ect-list-description\">\r\n\t\t\t\t<h2 class=\"ect-list-title\"><a class=\"ect-event-url\" href=\"https:\/\/cacaolament.ca\/es\/event\/cacao-a-venezuelan-lament-2022-premiere\/\" rel=\"bookmark\">Cacao | Un Lamento Venezolano Estreno 2022<\/a><\/h2><div class=\"ect-list-venue default-venue\"><span class=\"ect-icon\"><i class=\"ect-icon-location\"><\/i><\/span><!-- Event Venue Info -->\r\n                 <span class=\"ect-venue-details ect-address\">\r\n                 <div>Mel Lastman Square,<span class=\"tribe-address\">\n\n<span class=\"tribe-street-address\">Upper Rose Garden (5100 Yonge St)<\/span>\n\t\n\t\t<br>\n\t\t<span class=\"tribe-locality\">Toronto<\/span><span class=\"tribe-delimiter\">,<\/span>\n\n\t<abbr class=\"tribe-region tribe-events-abbr\" title=\"Ontario\">Ontario<\/abbr>\n\n\t<span class=\"tribe-postal-code\">M2N5V7<\/span>\n\n\t<span class=\"tribe-country-name\">Canada<\/span>\n\n<\/span>\n<\/div><span class=\"ect-google\"><a class=\"tribe-events-gmap\" href=\"https:\/\/maps.google.com\/maps?f=q&#038;source=s_q&#038;hl=en&#038;geocode=&#038;q=Upper+Rose+Garden+%285100+Yonge+St%29+Toronto+Ontario+M2N5V7+Canada\" title=\"Haz clic para ver un mapa de Google\" target=\"_blank\" rel=\"noreferrer noopener\">+ Google Map<\/a><\/span><\/span><\/div><!-- Event Content --><div class=\"ect-event-content\"><p>Producciones Victoria Mata y Teatro Aluna en colaboraci\u00f3n con TOLive presenta\u2026 \u00a0 Cacao | Un Lamento Venezolano Fotograf\u00eda: Zahra Saleki Toronto: \u00a1por fin ha llegado el momento! Estamos orgullosos de anunciar la producci\u00f3n de estreno mundial de Cacao de Victoria Mata | A Venezuelan Lament en el Mel Lastman Square del 22 al 25 de septiembre de 2022. Presentada con [&hellip;]<\/p>\n<a href=\"https:\/\/cacaolament.ca\/es\/event\/cacao-a-venezuelan-lament-2022-premiere\/\" class=\"ect-events-read-more\" rel=\"bookmark\">Find out more &raquo;<\/a><\/div><\/div><div class=\"modern-list-right-side\">\r\n\t\t\t\t<div class=\"ect-list-date\"><div class=\"ect-date-area default-schedule\"><span class=\"ev-day\">22<\/span>\r\n\t\t\t\t\t\t\t\t\t<span class=\"ev-mo\">septiembre<\/span>\r\n\t\t\t\t\t\t\t\t\t<span class=\"ev-yr\">2022<\/span>\r\n\t\t\t\t\t\t\t\t\t<span class=\"ev-time\"><span class=\"ect-icon\"><i class=\"ect-icon-clock\"><\/i><\/span> septiembre 22, 2022 - septiembre 25, 2022<\/span>\r\n\t\t\t\t\t\t\t\t\t<\/div><\/div>\r\n\t\t\t\t<\/div>\r\n\t\t\t\t<\/div>\r\n\t\t\t\t<\/div><!-- right-wrapper close -->\r\n\t\t\t\t<\/div><!-- event-loop-end --><div id=\"event-1323\" class=\"ect-list-post style-2 ect-simple-event past\"><div class=\"ect-list-post-left\">\r\n\t<div class=\"ect-list-img\" style=\"background-image:url(&#039;https:\/\/cacaolament.ca\/es\/wp-content\/uploads\/2022\/06\/Cacao-A-Venezuelan-Lament.jpg&#039;);background-size:cover;background-position:bottom center;\"><\/div>\r\n\t<a class=\"ect-single-event-link\" href=\"https:\/\/cacaolament.ca\/es\/event\/reserve-tu-puesto-cacao-a-venezuelan-lament\/\" title=\"Reserva tu Puesto &#8211; Cacao | A Venezuelan Lament\">Reserva tu Puesto &#8211; Cacao | A Venezuelan Lament<\/a><\/div><!-- left-post close --><div class=\"ect-list-post-right\">\r\n\t\t\t\t<div class=\"ect-list-post-right-table\">\r\n\t\t\t\t<div class=\"ect-list-description\">\r\n\t\t\t\t<h2 class=\"ect-list-title\"><a class=\"ect-event-url\" href=\"https:\/\/cacaolament.ca\/es\/event\/reserve-tu-puesto-cacao-a-venezuelan-lament\/\" rel=\"bookmark\">Reserva tu Puesto &#8211; Cacao | A Venezuelan Lament<\/a><\/h2><div class=\"ect-list-venue default-venue\"><span class=\"ect-icon\"><i class=\"ect-icon-location\"><\/i><\/span><!-- Event Venue Info -->\r\n                 <span class=\"ect-venue-details ect-address\">\r\n                 <div>Mel Lastman Square,<span class=\"tribe-address\">\n\n<span class=\"tribe-street-address\">Upper Rose Garden (5100 Yonge St)<\/span>\n\t\n\t\t<br>\n\t\t<span class=\"tribe-locality\">Toronto<\/span><span class=\"tribe-delimiter\">,<\/span>\n\n\t<abbr class=\"tribe-region tribe-events-abbr\" title=\"Ontario\">Ontario<\/abbr>\n\n\t<span class=\"tribe-postal-code\">M2N5V7<\/span>\n\n\t<span class=\"tribe-country-name\">Canada<\/span>\n\n<\/span>\n<\/div><span class=\"ect-google\"><a class=\"tribe-events-gmap\" href=\"https:\/\/maps.google.com\/maps?f=q&#038;source=s_q&#038;hl=en&#038;geocode=&#038;q=Upper+Rose+Garden+%285100+Yonge+St%29+Toronto+Ontario+M2N5V7+Canada\" title=\"Haz clic para ver un mapa de Google\" target=\"_blank\" rel=\"noreferrer noopener\">+ Google Map<\/a><\/span><\/span><\/div><!-- Event Content --><div class=\"ect-event-content\"><a href=\"https:\/\/cacaolament.ca\/es\/event\/reserve-tu-puesto-cacao-a-venezuelan-lament\/\" class=\"ect-events-read-more\" rel=\"bookmark\">Find out more &raquo;<\/a><\/div><\/div><div class=\"modern-list-right-side\">\r\n\t\t\t\t<div class=\"ect-list-date\"><div class=\"ect-date-area default-schedule\"><span class=\"ev-day\">22<\/span>\r\n\t\t\t\t\t\t\t\t\t<span class=\"ev-mo\">septiembre<\/span>\r\n\t\t\t\t\t\t\t\t\t<span class=\"ev-yr\">2022<\/span>\r\n\t\t\t\t\t\t\t\t\t<span class=\"ev-time\"><span class=\"ect-icon\"><i class=\"ect-icon-clock\"><\/i><\/span> septiembre 22, 2022 - septiembre 25, 2022<\/span>\r\n\t\t\t\t\t\t\t\t\t<\/div><\/div>\r\n\t\t\t\t<\/div>\r\n\t\t\t\t<\/div>\r\n\t\t\t\t<\/div><!-- right-wrapper close -->\r\n\t\t\t\t<\/div><!-- event-loop-end --><\/div><\/div>\n[\/spb_text_block] [spb_text_block pb_margin_bottom=\u00bbno\u00bb pb_border_bottom=\u00bbno\u00bb width=\u00bb1\/1&#8243; el_position=\u00bbfirst last\u00bb]\n<p><a href=\"http:\/\/cacaolament.ca\/es\/events\/\">Next Events<\/a><\/p>\n[\/spb_text_block]\n","protected":false},"excerpt":{"rendered":"<p>[spb_text_block pb_margin_bottom=\u00bbno\u00bb pb_border_bottom=\u00bbno\u00bb width=\u00bb1\/1&#8243; el_position=\u00bbfirst last\u00bb] [\/spb_text_block] [spb_text_block pb_margin_bottom=\u00bbno\u00bb pb_border_bottom=\u00bbno\u00bb width=\u00bb1\/1&#8243; el_position=\u00bbfirst last\u00bb] Next Events [\/spb_text_block]<\/p>\n","protected":false},"author":1,"featured_media":0,"parent":0,"menu_order":0,"comment_status":"closed","ping_status":"closed","template":"","meta":{"footnotes":""},"_links":{"self":[{"href":"https:\/\/cacaolament.ca\/es\/wp-json\/wp\/v2\/pages\/728"}],"collection":[{"href":"https:\/\/cacaolament.ca\/es\/wp-json\/wp\/v2\/pages"}],"about":[{"href":"https:\/\/cacaolament.ca\/es\/wp-json\/wp\/v2\/types\/page"}],"author":[{"embeddable":true,"href":"https:\/\/cacaolament.ca\/es\/wp-json\/wp\/v2\/users\/1"}],"replies":[{"embeddable":true,"href":"https:\/\/cacaolament.ca\/es\/wp-json\/wp\/v2\/comments?post=728"}],"version-history":[{"count":6,"href":"https:\/\/cacaolament.ca\/es\/wp-json\/wp\/v2\/pages\/728\/revisions"}],"predecessor-version":[{"id":1192,"href":"https:\/\/cacaolament.ca\/es\/wp-json\/wp\/v2\/pages\/728\/revisions\/1192"}],"wp:attachment":[{"href":"https:\/\/cacaolament.ca\/es\/wp-json\/wp\/v2\/media?parent=728"}],"curies":[{"name":"wp","href":"https:\/\/api.w.org\/{rel}","templated":true}]}}